{"id":103,"date":"2024-08-23T13:10:26","date_gmt":"2024-08-23T13:10:26","guid":{"rendered":"https:\/\/www.tassaneealleau.com\/?page_id=103"},"modified":"2024-12-04T09:03:54","modified_gmt":"2024-12-04T09:03:54","slug":"ressources-prestations-arts-plastiques","status":"publish","type":"page","link":"https:\/\/www.tassaneealleau.com\/?page_id=103","title":{"rendered":"Ressources"},"content":{"rendered":"\n<p>Tassanee Alleau, artiste plasticienne, autrice, jeune chercheuse en histoire, install\u00e9e en Touraine, sp\u00e9cialiste du v\u00e9g\u00e9tal, des plantes, propose une recherche et des ateliers de pratiques collectives et concr\u00e8tes sur les \u00e9cologies.<\/p>\n\n\n\n<p>Pour me contacter :&nbsp;<a href=\"mailto:tassanee.alleau@ymail.com\">tassanee.alleau<\/a>&nbsp;@ ymail.com ou par&nbsp;<a href=\"tel:+33663039673\">t\u00e9l\u00e9phone<\/a>.&nbsp;<\/p>\n\n\n\n<p>Mon Instagram : @&nbsp;<a href=\"http:\/\/www.instagram.com\/jesuismyriades\">jesuismyriades<\/a><\/p>\n\n\n\n<p>Par exemple :<\/p>\n\n\n\n<ul class=\"wp-block-list\">\n<li>Commande d\u2019\u0153uvres plastiques (peintures, dessins, \u00e9crits, autres)<\/li>\n\n\n\n<li><a href=\"https:\/\/www.tassaneealleau.com\/?p=544\">Ateliers d\u2019\u00e9criture &#8211; \u00e9criture po\u00e9tique [plus d\u2019infos]<\/a><\/li>\n\n\n\n<li><a href=\"https:\/\/www.tassaneealleau.com\/?p=544\">Ateliers cr\u00e9atifs &#8211; d\u2019arts plastiques [plus d\u2019infos]<\/a><\/li>\n\n\n\n<li>Expositions &amp; curation<\/li>\n\n\n\n<li>Projets \u00e9ditoriaux, conseils \u00e9ditoriaux et artistiques sur vos projets plastiques ou d\u2019\u00e9criture, aide sur dossier.<\/li>\n\n\n\n<li>Conf\u00e9rences &#8211; conf\u00e9rences-ateliers &#8211; s\u00e9minaires (\u00e9coles, universit\u00e9s) [plus d\u2019infos]<\/li>\n\n\n\n<li>Cours (\u00e9coles, universit\u00e9s, cours particuliers) <\/li>\n<\/ul>\n\n\n\n<p>Devis sur demande.<\/p>\n\n\n\n<div class=\"wp-block-columns is-layout-flex wp-container-core-columns-is-layout-28f84493 wp-block-columns-is-layout-flex\">\n<div class=\"wp-block-column is-layout-flow wp-block-column-is-layout-flow\" style=\"flex-basis:33.33%\">\n<h2 class=\"wp-block-heading\">sites<\/h2>\n\n\n\n<div style=\"height:20px\" aria-hidden=\"true\" class=\"wp-block-spacer\"><\/div>\n<\/div>\n\n\n\n<div class=\"wp-block-column is-layout-flow wp-block-column-is-layout-flow\" style=\"flex-basis:66.66%\">\n<h3 class=\"wp-block-heading\">Laboratoire d\u2019exp\u00e9rimentations<\/h3>\n\n\n\n<p><a href=\"http:\/\/www.laboduradis.fr\">Laboduradis<\/a><\/p>\n\n\n\n<p><a href=\"https:\/\/lesmyriades.github.io\/\">Github<\/a><\/p>\n\n\n\n<div style=\"height:20px\" aria-hidden=\"true\" class=\"wp-block-spacer\"><\/div>\n\n\n\n<h3 class=\"wp-block-heading\">Autres<\/h3>\n\n\n\n<p>Site pro : <a href=\"https:\/\/histoiresnat.hypotheses.org\/\">https:\/\/histoiresnat.hypotheses.org\/<\/a><\/p>\n<\/div>\n<\/div>\n\n\n\n<div class=\"wp-block-columns is-layout-flex wp-container-core-columns-is-layout-28f84493 wp-block-columns-is-layout-flex\">\n<div class=\"wp-block-column is-layout-flow wp-block-column-is-layout-flow\" style=\"flex-basis:33.33%\">\n<h2 class=\"wp-block-heading\">Boutiques en ligne<\/h2>\n\n\n\n<div style=\"height:20px\" aria-hidden=\"true\" class=\"wp-block-spacer\"><\/div>\n\n\n\n<p>Non mise \u00e0 jour : <a href=\"https:\/\/atelierlesmyriades.bigcartel.com\/\">https:\/\/atelierlesmyriades.bigcartel.com\/<\/a><\/p>\n<\/div>\n\n\n\n<div class=\"wp-block-column is-layout-flow wp-block-column-is-layout-flow\" style=\"flex-basis:66.66%\">\n<div style=\"height:20px\" aria-hidden=\"true\" class=\"wp-block-spacer\"><\/div>\n<\/div>\n<\/div>\n\n\n\n<div style=\"height:32px\" aria-hidden=\"true\" class=\"wp-block-spacer\"><\/div>\n\n\n\n<center><iframe title=\"Pixelfed Post Embed\" src=\"https:\/\/pixelfed.fr\/p\/Lesmyriades\/732473585949442536\/embed?caption=true&#038;likes=false&#038;layout=full\" class=\"pixelfed__embed\" style=\"max-width: 100%; border: 0\" width=\"400\" allowfullscreen=\"allowfullscreen\"><\/iframe><script async defer src=\"https:\/\/pixelfed.fr\/embed.js\"><\/script><\/center>\n","protected":false},"excerpt":{"rendered":"<p>Ressources et prestations arts plastiques sur la question du v\u00e9g\u00e9tal, de l\u2019histoire de la botanique, des transitions \u00e9cologiques et inclusives. <\/p>\n","protected":false},"author":1,"featured_media":0,"parent":0,"menu_order":0,"comment_status":"closed","ping_status":"closed","template":"","meta":{"footnotes":""},"class_list":["post-103","page","type-page","status-publish","hentry"],"jetpack_sharing_enabled":true,"_links":{"self":[{"href":"https:\/\/www.tassaneealleau.com\/index.php?rest_route=\/wp\/v2\/pages\/103","targetHints":{"allow":["GET"]}}],"collection":[{"href":"https:\/\/www.tassaneealleau.com\/index.php?rest_route=\/wp\/v2\/pages"}],"about":[{"href":"https:\/\/www.tassaneealleau.com\/index.php?rest_route=\/wp\/v2\/types\/page"}],"author":[{"embeddable":true,"href":"https:\/\/www.tassaneealleau.com\/index.php?rest_route=\/wp\/v2\/users\/1"}],"replies":[{"embeddable":true,"href":"https:\/\/www.tassaneealleau.com\/index.php?rest_route=%2Fwp%2Fv2%2Fcomments&post=103"}],"version-history":[{"count":15,"href":"https:\/\/www.tassaneealleau.com\/index.php?rest_route=\/wp\/v2\/pages\/103\/revisions"}],"predecessor-version":[{"id":609,"href":"https:\/\/www.tassaneealleau.com\/index.php?rest_route=\/wp\/v2\/pages\/103\/revisions\/609"}],"wp:attachment":[{"href":"https:\/\/www.tassaneealleau.com\/index.php?rest_route=%2Fwp%2Fv2%2Fmedia&parent=103"}],"curies":[{"name":"wp","href":"https:\/\/api.w.org\/{rel}","templated":true}]}}