{"id":19,"date":"2024-08-23T12:10:53","date_gmt":"2024-08-23T12:10:53","guid":{"rendered":"https:\/\/www.tassaneealleau.com\/?page_id=19"},"modified":"2024-10-30T00:07:22","modified_gmt":"2024-10-30T00:07:22","slug":"mentions-legales","status":"publish","type":"page","link":"https:\/\/www.tassaneealleau.com\/?page_id=19","title":{"rendered":"Mentions l\u00e9gales"},"content":{"rendered":"\n<p class=\"has-text-align-left\"><strong>H\u00e9bergeur<\/strong> : Ikoula (France), si\u00e8ge social 2 Cit\u00e9 Paradis, 75010 Paris Contact :&nbsp;<a href=\"mailto:ikoula@ikoula.com\">ikoula@ikoula.com<\/a><\/p>\n\n\n\n<p><strong>\u00c9ditrice du site web<\/strong> : Tassanee Alleau (contact@tassaneealleau.com)<\/p>\n\n\n\n<p><strong>Propri\u00e9taire du site :<\/strong> Tassanee Alleau, Chambray-l\u00e8s-Tours<\/p>\n\n\n\n<p><strong>CMS<\/strong> : WordPress.org<\/p>\n\n\n\n<p><strong>Contact sur Mastodon :&nbsp;<\/strong>instance&nbsp;<a href=\"https:\/\/piaille.fr\/@tassadanslesmyriades\">tassadanslesmyriades @ Piaille.fr<\/a><\/p>\n\n\n\n<p><strong>Tip me :&nbsp;<\/strong><a href=\"https:\/\/ko-fi.com\/tassaneelesmyriades\">offre-moi un caf\u00e9 (avec l\u2019inflation bien s\u00fbr !)<\/a><\/p>\n\n\n\n<figure class=\"wp-block-image aligncenter size-large is-style-rounded\"><a href=\"https:\/\/ko-fi.com\/tassaneelesmyriades\"><img loading=\"lazy\" decoding=\"async\" width=\"534\" height=\"247\" src=\"https:\/\/www.tassaneealleau.com\/wp-content\/uploads\/2024\/08\/img_1561-1.jpg\" alt=\"Buy me a coffee\" class=\"wp-image-14\" srcset=\"https:\/\/www.tassaneealleau.com\/wp-content\/uploads\/2024\/08\/img_1561-1.jpg 534w, https:\/\/www.tassaneealleau.com\/wp-content\/uploads\/2024\/08\/img_1561-1-300x139.jpg 300w\" sizes=\"auto, (max-width: 534px) 100vw, 534px\" \/><\/a><\/figure>\n\n\n\n<div style=\"height:32px\" aria-hidden=\"true\" class=\"wp-block-spacer\"><\/div>\n\n\n\n<hr class=\"wp-block-separator has-css-opacity\"\/>\n\n\n\n<div style=\"height:32px\" aria-hidden=\"true\" class=\"wp-block-spacer\"><\/div>\n\n\n\n<h4 class=\"wp-block-heading has-text-align-left\">Soutiens :<\/h4>\n\n\n\n<figure class=\"wp-block-image aligncenter size-large\"><img loading=\"lazy\" decoding=\"async\" width=\"480\" height=\"480\" src=\"https:\/\/www.tassaneealleau.com\/wp-content\/uploads\/2024\/08\/img_1562-1.png\" alt=\"\" class=\"wp-image-15\" srcset=\"https:\/\/www.tassaneealleau.com\/wp-content\/uploads\/2024\/08\/img_1562-1.png 480w, https:\/\/www.tassaneealleau.com\/wp-content\/uploads\/2024\/08\/img_1562-1-300x300.png 300w, https:\/\/www.tassaneealleau.com\/wp-content\/uploads\/2024\/08\/img_1562-1-150x150.png 150w\" sizes=\"auto, (max-width: 480px) 100vw, 480px\" \/><\/figure>\n\n\n\n<figure class=\"wp-block-image aligncenter size-large\"><img loading=\"lazy\" decoding=\"async\" width=\"150\" height=\"150\" src=\"https:\/\/www.tassaneealleau.com\/wp-content\/uploads\/2024\/08\/img_1563-1.jpg\" alt=\"\" class=\"wp-image-16\"\/><\/figure>\n\n\n\n<div style=\"height:20px\" aria-hidden=\"true\" class=\"wp-block-spacer\"><\/div>\n\n\n\n<p class=\"has-text-align-left\"><strong><a href=\"https:\/\/pixelfed.fr\/i\/web\/profile\/726466431025135753\">Pixelfed<\/a><\/strong><\/p>\n\n\n\n<figure class=\"wp-block-image aligncenter size-large\"><a href=\"https:\/\/pixelfed.fr\/i\/web\/profile\/726466431025135753\"><img loading=\"lazy\" decoding=\"async\" width=\"780\" height=\"1024\" src=\"https:\/\/www.tassaneealleau.com\/wp-content\/uploads\/2024\/08\/img_1565-1-780x1024.jpg\" alt=\"\" class=\"wp-image-18\" srcset=\"https:\/\/www.tassaneealleau.com\/wp-content\/uploads\/2024\/08\/img_1565-1-780x1024.jpg 780w, https:\/\/www.tassaneealleau.com\/wp-content\/uploads\/2024\/08\/img_1565-1-228x300.jpg 228w, https:\/\/www.tassaneealleau.com\/wp-content\/uploads\/2024\/08\/img_1565-1-768x1008.jpg 768w, https:\/\/www.tassaneealleau.com\/wp-content\/uploads\/2024\/08\/img_1565-1-1170x1536.jpg 1170w, https:\/\/www.tassaneealleau.com\/wp-content\/uploads\/2024\/08\/img_1565-1.jpg 1284w\" sizes=\"auto, (max-width: 780px) 100vw, 780px\" \/><\/a><figcaption class=\"wp-element-caption\">Fil Pixelfed<\/figcaption><\/figure>\n\n\n\n<div style=\"height:32px\" aria-hidden=\"true\" class=\"wp-block-spacer\"><\/div>\n\n\n\n<hr class=\"wp-block-separator has-css-opacity is-style-wide\"\/>\n\n\n\n<div style=\"height:32px\" aria-hidden=\"true\" class=\"wp-block-spacer\"><\/div>\n\n\n\n<h4 class=\"wp-block-heading has-text-align-left\">Conditions de vente <\/h4>\n\n\n\n<div style=\"height:20px\" aria-hidden=\"true\" class=\"wp-block-spacer\"><\/div>\n\n\n\n<p class=\"has-text-align-left\"><\/p>\n\n\n\n<p class=\"has-text-align-left\">\/<\/p>\n\n\n\n<div style=\"height:32px\" aria-hidden=\"true\" class=\"wp-block-spacer\"><\/div>\n\n\n\n<hr class=\"wp-block-separator has-css-opacity is-style-wide\"\/>\n\n\n\n<div style=\"height:32px\" aria-hidden=\"true\" class=\"wp-block-spacer\"><\/div>\n\n\n\n<h4 class=\"wp-block-heading has-text-align-left\">Politique de confidentialit\u00e9<\/h4>\n\n\n\n<div style=\"height:20px\" aria-hidden=\"true\" class=\"wp-block-spacer\"><\/div>\n\n\n\n<p><strong>Introduction<\/strong><\/p>\n\n\n\n<p>Tassaneealleau.com appartient \u00e0 Tassanee Alleau, domicili\u00e9e \u00e0 Chambray-l\u00e8s-Tours, artiste autrice plasticienne, SIRET :&nbsp;90512447500013<\/p>\n\n\n\n<p>Toutes les images et le contenu sur le site web appartient \u00e0 la propri\u00e9taire. Le contenu est sous copyrights, tous droits r\u00e9serv\u00e9s, sauf mention contraire (creative commons indiqu\u00e9s). Si vous repartagez, merci de suivre les r\u00e8gles suivantes : <a href=\"http:\/\/creativecommons.org\/licenses\/by-nc-sa\/4.0\/deed.fr\">CC BY NC SA<\/a><\/p>\n\n\n\n<p>La licence CC-by-nc-sa 4.0 permet toute exploitation de l\u2019\u0153uvre (partager, copier, reproduire, distribuer, communiquer, r\u00e9utiliser, adapter) par tous moyens, sous tous formats. Toutes les exploitations de l\u2019\u0153uvre ou des \u0153uvres d\u00e9riv\u00e9es, sauf \u00e0 des fins commerciales, sont possibles.<\/p>\n\n\n\n<p class=\"p_encadre\">Les obligations li\u00e9es \u00e0 la licence sont de&nbsp;:&nbsp;<br \/>\u2022 cr\u00e9diter les cr\u00e9ateurs de la paternit\u00e9 des \u0153uvres originales, d\u2019en indiquer les sources et d\u2019indiquer si des modifications ont \u00e9t\u00e9 effectu\u00e9es aux \u0153uvres (obligation d\u2019attribution)&nbsp;;<br \/>\u2022 ne pas tirer profit (gain direct ou plus-value commerciale) de l\u2019\u0153uvre ou des \u0153uvres d\u00e9riv\u00e9es&nbsp;;<br \/>\u2022 diffuser les nouvelles cr\u00e9ations selon des conditions identiques (selon la m\u00eame licence) \u00e0 celles de l\u2019\u0153uvre originale (donc autoriser \u00e0 nouveau les modifications et interdire les utilisations commerciales).<\/p>\n\n\n\n<p>Source : <a href=\"https:\/\/coop-ist.cirad.fr\/etre-auteur\/utiliser-les-licences-creative-commons\/4-les-6-licences-cc\">cirad<\/a> <\/p>\n\n\n\n<p><strong>Donn\u00e9es collect\u00e9es<\/strong><\/p>\n\n\n\n<p>Nous pouvons collecter les types de donn\u00e9es suivants :<\/p>\n\n\n\n<ul class=\"wp-block-list\">\n<li><strong>Donn\u00e9es fournies volontairement:<\/strong>Nom, adresse \u00e9lectronique, adresse IP, lorsque vous vous inscrivez \u00e0 notre newsletter, laissez un commentaire ou nous contactez.<\/li>\n\n\n\n<li><strong>Donn\u00e9es de navigation:<\/strong>&nbsp;Informations collect\u00e9es automatiquement lors de votre visite sur notre site, telles que votre navigateur, votre syst\u00e8me d\u2019exploitation, les pages que vous visitez et les liens sur lesquels vous cliquez.<\/li>\n\n\n\n<li><strong>Cookies:<\/strong>&nbsp;De petits fichiers texte stock\u00e9s sur votre appareil pour am\u00e9liorer votre exp\u00e9rience utilisateur.&nbsp;<\/li>\n<\/ul>\n\n\n\n<p><strong>Utilisation des donn\u00e9es<\/strong><\/p>\n\n\n\n<p>Les donn\u00e9es que nous collectons sont utilis\u00e9es pour :<\/p>\n\n\n\n<ul class=\"wp-block-list\">\n<li><strong>Am\u00e9liorer notre site web:<\/strong>&nbsp;Analyser le trafic et personnaliser votre exp\u00e9rience, \u00e0 travers WordPress et Ikoula, leurs plugins respectifs.<\/li>\n\n\n\n<li><strong>Vous envoyer des communications:<\/strong>Newsletter, r\u00e9ponses \u00e0 vos questions.<\/li>\n\n\n\n<li><strong>Assurer la s\u00e9curit\u00e9 de notre site:<\/strong>D\u00e9tecter et pr\u00e9venir les activit\u00e9s frauduleuses.<\/li>\n<\/ul>\n\n\n\n<p><strong>Partage de vos donn\u00e9es<\/strong><\/p>\n\n\n\n<p>Nous ne partageons pas vos donn\u00e9es personnelles avec des tiers, sauf :<\/p>\n\n\n\n<ul class=\"wp-block-list\">\n<li><strong>Avec votre consentement explicite.<\/strong><\/li>\n\n\n\n<li><strong>Avec nos prestataires de services:<\/strong> H\u00e9bergeur, service d\u2019analyse, etc., dans le cadre de la fourniture de leurs services.<\/li>\n\n\n\n<li><strong>Pour nous conformer \u00e0 une obligation l\u00e9gale.<\/strong><\/li>\n<\/ul>\n\n\n\n<p><strong>S\u00e9curit\u00e9 des donn\u00e9es<\/strong><\/p>\n\n\n\n<p>Nous mettons tout en \u0153uvre pour s\u00e9curiser vos donn\u00e9es.<\/p>\n\n\n\n<p><strong>Vos droits<\/strong><\/p>\n\n\n\n<p>Vous disposez des droits suivants concernant vos donn\u00e9es,&nbsp;<\/p>\n\n\n\n<p><a href=\"https:\/\/www.economie.gouv.fr\/entreprises\/reglement-general-protection-donnees-rgpd#:~:text=conformer%20au%20RGPD-,Le%20RGPD%2C%20qu%27est%2Dce%20que%20c%27est,application%20le%2025%20mai%202018.\">loi RGPD&nbsp;<\/a>:<\/p>\n\n\n\n<p>Le RGPD s\u2019inscrit dans la continuit\u00e9 de la&nbsp;<a href=\"https:\/\/www.legifrance.gouv.fr\/affichTexte.do?cidTexte=JORFTEXT000000886460\" target=\"_blank\" rel=\"noreferrer noopener\">loi fran\u00e7aise&nbsp;\u00ab&nbsp;Informatique et Libert\u00e9s&nbsp;\u00bb&nbsp;de 1978<\/a>,&nbsp;modifi\u00e9e par&nbsp;<a href=\"https:\/\/www.legifrance.gouv.fr\/jorf\/id\/JORFTEXT000037085952\" target=\"_blank\" rel=\"noreferrer noopener\">la loi du 20 juin 2018 relative \u00e0 la protection des donn\u00e9es personnelles<\/a>,&nbsp;<\/p>\n\n\n\n<p><strong>Droit d\u2019acc\u00e8s:<\/strong>&nbsp;Vous pouvez demander \u00e0 acc\u00e9der aux donn\u00e9es que nous d\u00e9tenons \u00e0 votre sujet.<\/p>\n\n\n\n<p><strong>Droit de rectification:<\/strong>&nbsp;Vous pouvez demander \u00e0 corriger toute information inexacte.<\/p>\n\n\n\n<p><strong>Droit \u00e0 l\u2019effacement:<\/strong>&nbsp;Vous pouvez demander la suppression de vos donn\u00e9es.<\/p>\n\n\n\n<p><strong>Droit d\u2019opposition:<\/strong>&nbsp;Vous pouvez vous opposer au traitement de vos donn\u00e9es.<\/p>\n\n\n\n<p><strong>Droit \u00e0 la limitation:<\/strong>&nbsp;Vous pouvez demander la limitation du traitement de vos donn\u00e9es.<\/p>\n\n\n\n<p>Vous pouvez saisir la&nbsp;<strong>CNIL:<\/strong><a href=\"https:\/\/www.cnil.fr\/\" target=\"_blank\" rel=\"noreferrer noopener\">https:\/\/www.cnil.fr\/<\/a>&nbsp;si vous n\u2019\u00eates pas en accord avec notre charte.<\/p>\n\n\n\n<p><strong>Modifications de cette politique<\/strong><\/p>\n\n\n\n<p>Nous nous r\u00e9servons le droit de modifier la charte \u00e9thique du site web et du blog en accord avec les l\u00e9gislations \u00e0 venir.<\/p>\n\n\n\n<p><strong>CNIL:<\/strong>&nbsp;<a href=\"https:\/\/www.cnil.fr\/\" target=\"_blank\" rel=\"noreferrer noopener\">https:\/\/www.cnil.fr\/<\/a><\/p>\n\n\n\n<p><strong>Contact<\/strong><\/p>\n\n\n\n<p>Si vous avez des questions concernant cette politique de confidentialit\u00e9, veuillez nous contacter \u00e0 l\u2019adresse suivante : [contact [arobase] tassaneealleau.com]<\/p>\n\n\n\n<div style=\"height:32px\" aria-hidden=\"true\" class=\"wp-block-spacer\"><\/div>\n\n\n\n<hr class=\"wp-block-separator has-css-opacity is-style-wide\"\/>\n\n\n\n<p class=\"has-text-align-left has-foreground-light-color has-text-color\"><\/p>\n\n\n\n<a rel=\"me\" href=\"https:\/\/piaille.fr\/@tassadanslesmyriades\">Mastodon<\/a>\n\n\n\n<p><\/p>\n","protected":false},"excerpt":{"rendered":"<p>Ventes d\u2019\u0152uvres plastiques et \u00e9crites de Tassanee Alleau, artiste plasticienne, sp\u00e9cialiste de la question du v\u00e9g\u00e9tal, ateliers de d\u00e9centrement RADIS, recherche cr\u00e9ation et \u00e9criture<\/p>\n","protected":false},"author":1,"featured_media":0,"parent":0,"menu_order":0,"comment_status":"closed","ping_status":"closed","template":"","meta":{"footnotes":""},"class_list":["post-19","page","type-page","status-publish","hentry"],"_links":{"self":[{"href":"https:\/\/www.tassaneealleau.com\/index.php?rest_route=\/wp\/v2\/pages\/19","targetHints":{"allow":["GET"]}}],"collection":[{"href":"https:\/\/www.tassaneealleau.com\/index.php?rest_route=\/wp\/v2\/pages"}],"about":[{"href":"https:\/\/www.tassaneealleau.com\/index.php?rest_route=\/wp\/v2\/types\/page"}],"author":[{"embeddable":true,"href":"https:\/\/www.tassaneealleau.com\/index.php?rest_route=\/wp\/v2\/users\/1"}],"replies":[{"embeddable":true,"href":"https:\/\/www.tassaneealleau.com\/index.php?rest_route=%2Fwp%2Fv2%2Fcomments&post=19"}],"version-history":[{"count":11,"href":"https:\/\/www.tassaneealleau.com\/index.php?rest_route=\/wp\/v2\/pages\/19\/revisions"}],"predecessor-version":[{"id":515,"href":"https:\/\/www.tassaneealleau.com\/index.php?rest_route=\/wp\/v2\/pages\/19\/revisions\/515"}],"wp:attachment":[{"href":"https:\/\/www.tassaneealleau.com\/index.php?rest_route=%2Fwp%2Fv2%2Fmedia&parent=19"}],"curies":[{"name":"wp","href":"https:\/\/api.w.org\/{rel}","templated":true}]}}