{"id":192,"date":"2024-08-29T10:20:03","date_gmt":"2024-08-29T10:20:03","guid":{"rendered":"https:\/\/www.tassaneealleau.com\/?page_id=192"},"modified":"2024-10-30T00:06:51","modified_gmt":"2024-10-30T00:06:51","slug":"oeuvres","status":"publish","type":"page","link":"https:\/\/www.tassaneealleau.com\/?page_id=192","title":{"rendered":"\u0152uvres"},"content":{"rendered":"\n<p><a href=\"https:\/\/www.tassaneealleau.com\/?cat=8\">Po\u00e9sie<\/a> <\/p>\n\n\n\n<p><a href=\"https:\/\/www.tassaneealleau.com\/?cat=10\">Sons<\/a> <\/p>\n\n\n\n<p><a href=\"https:\/\/www.tassaneealleau.com\/?cat=9\">\u00c9crits<\/a> <\/p>\n\n\n\n<p>Photographies <\/p>\n\n\n\n<p><a href=\"https:\/\/www.tassaneealleau.com\/?cat=5\">Ateliers<\/a><\/p>\n\n\n\n<p><a href=\"https:\/\/www.tassaneealleau.com\/?cat=7\">R\u00e9sidences<\/a><\/p>\n\n\n\n<p><a href=\"https:\/\/www.tassaneealleau.com\/?cat=6\">Expositions<\/a> <\/p>\n\n\n\n<p>Recherches <\/p>\n","protected":false},"excerpt":{"rendered":"<p>\u0152uvres plastiques et \u00e9crites de Tassanee Alleau, artiste plasticienne, sp\u00e9cialiste de la question du v\u00e9g\u00e9tal, ateliers de d\u00e9centrement RADIS, recherche cr\u00e9ation et \u00e9criture<\/p>\n","protected":false},"author":1,"featured_media":0,"parent":0,"menu_order":0,"comment_status":"closed","ping_status":"closed","template":"","meta":{"footnotes":""},"class_list":["post-192","page","type-page","status-publish","hentry"],"_links":{"self":[{"href":"https:\/\/www.tassaneealleau.com\/index.php?rest_route=\/wp\/v2\/pages\/192","targetHints":{"allow":["GET"]}}],"collection":[{"href":"https:\/\/www.tassaneealleau.com\/index.php?rest_route=\/wp\/v2\/pages"}],"about":[{"href":"https:\/\/www.tassaneealleau.com\/index.php?rest_route=\/wp\/v2\/types\/page"}],"author":[{"embeddable":true,"href":"https:\/\/www.tassaneealleau.com\/index.php?rest_route=\/wp\/v2\/users\/1"}],"replies":[{"embeddable":true,"href":"https:\/\/www.tassaneealleau.com\/index.php?rest_route=%2Fwp%2Fv2%2Fcomments&post=192"}],"version-history":[{"count":2,"href":"https:\/\/www.tassaneealleau.com\/index.php?rest_route=\/wp\/v2\/pages\/192\/revisions"}],"predecessor-version":[{"id":514,"href":"https:\/\/www.tassaneealleau.com\/index.php?rest_route=\/wp\/v2\/pages\/192\/revisions\/514"}],"wp:attachment":[{"href":"https:\/\/www.tassaneealleau.com\/index.php?rest_route=%2Fwp%2Fv2%2Fmedia&parent=192"}],"curies":[{"name":"wp","href":"https:\/\/api.w.org\/{rel}","templated":true}]}}